{"id":19,"date":"2012-10-02T19:12:52","date_gmt":"2012-10-02T17:12:52","guid":{"rendered":"http:\/\/anleitungen.wollefaerben.com\/?page_id=19"},"modified":"2012-10-15T08:22:10","modified_gmt":"2012-10-15T06:22:10","slug":"garnwinde","status":"publish","type":"page","link":"https:\/\/anleitungen.wollefaerben.com\/?page_id=19","title":{"rendered":"Garnwinde \/ Haspel"},"content":{"rendered":"<p>Was ist eine Garnwinde?<br \/>\nWozu braucht man sie?<br \/>\nWas tut sie?<br \/>\nWie funktioniert sie?<\/p>\n<p>Die Garnwinde wird oft f\u00e4lschlicherweise als Haspel bezeichnet.<br \/>\nAuch von mir &#8211; bis mich ein Fachmann wirklich schr\u00e4g angeschaut hat ob dieser Bildungsl\u00fccke von mir *lach*<br \/>\nAlso <em>Garnwinde<\/em> \ud83d\ude00<br \/>\nDer Unterschied ist &#8211; simpel erkl\u00e4rt &#8211; der dass eine Haspel (auch Weife genannt) ein technisches Hilfsmittel ist welches nicht nur Wolle und Garne aufwickelt, es ist auch ein Messinstrument dessen Umfang festgelegt ist.<br \/>\nDaher auch der Ausdruck &#8222;verhaspelt&#8220; \ud83d\ude09<br \/>\nEine Garnwinde ist kein Messinstrument und auch individuell einstellbar was den Umfang betrifft.<br \/>\nLustig dass die Schirmhaspel dennoch Schirmhaspel heisst obwohl es eine Garnwinde ist&#8230; *lach*<br \/>\nMoral&#8216; der Geschicht&#8216;: frag&#8216; Dich \u00fcber Worte nicht \ud83d\ude00<br \/>\nHauptsache wir wissen wovon wir reden.<\/p>\n<p>Funktonieren tut es so:<\/p>\n<p><img decoding=\"async\" src=\"https:\/\/anleitungen.wollefaerben.com\/wp-content\/uploads\/2012\/vorbereitungen\/basic_haspelinfo\/haspel_anim.gif\" alt=\"so dreht sich die Garnwinde\" \/><\/p>\n<p>Und wenn Dir das zu doll dreht noch ganz langsam Bild f\u00fcr Bild \ud83d\ude00<br \/>\nDie Garnwinde \/ Schirmgaspel wird aufgespannt und der Strang Wolle dar\u00fcbergelegt:<\/p>\n<p><img decoding=\"async\" src=\"https:\/\/anleitungen.wollefaerben.com\/wp-content\/uploads\/2012\/vorbereitungen\/basic_haspelinfo\/001_haspeln.jpg\" alt=\"so dreht sich die Garnwinde\" \/><\/p>\n<p>Wenn man nun am einen Ende des Wollfadens zupft dreht sich die Garnwinde von ganz alleine&#8230;<\/p>\n<p><img decoding=\"async\" src=\"https:\/\/anleitungen.wollefaerben.com\/wp-content\/uploads\/2012\/vorbereitungen\/basic_haspelinfo\/002_haspel.jpg\" alt=\"so dreht sich die Garnwinde\" \/><\/p>\n<p>&#8230;und man kann einfach und ohne Hilfe von Mann \/ Stuhllehnen \/ etc. entspannt das Kn\u00e4uel wickeln.<\/p>\n<p><img decoding=\"async\" src=\"https:\/\/anleitungen.wollefaerben.com\/wp-content\/uploads\/2012\/vorbereitungen\/basic_haspelinfo\/003_haspelina.jpg\" alt=\"so dreht sich die Garnwinde\" \/><\/p>\n<p>So simpel, so gut \ud83d\ude00<br \/>\nEin wirklich tolles Helferlein!<\/p>\n<p><img decoding=\"async\" src=\"https:\/\/anleitungen.wollefaerben.com\/wp-content\/uploads\/2012\/vorbereitungen\/basic_haspelinfo\/004_verhaspeln.jpg\" alt=\"so dreht sich die Garnwinde\" \/><\/p>\n<p>A propos Helferlein: Meins macht grad ein P\u00e4uschen \ud83d\ude00<\/p>\n<p><img decoding=\"async\" src=\"https:\/\/anleitungen.wollefaerben.com\/wp-content\/uploads\/2012\/vorbereitungen\/basic_haspelinfo\/babouli.jpg\" alt=\"Russisch Blaue Zarentochter\" \/><\/p>\n<p>Also: Das Ding das Schirmhaspel heisst, ist eigentlich gar keine Haspel sondern eine Garnwinde \ud83d\ude00<br \/>\nWieder was gelernt (zumindest ich, ich hab das echt nicht gewusst) *freu*<br \/>\nEin Tool auf das ich pers\u00f6nlich nicht mehr verzichten m\u00f6chte.<br \/>\nMan findet sie auch sehr sehr oft auf Flohm\u00e4rkten, allerdings selten sichtbar &#8211; denn die Verk\u00e4ufer wissen meist nicht wozu das komische Teil gut sein soll.<br \/>\nAlso einfach ansprechen, fragen, erkl\u00e4ren, Zeichnung machen&#8230; Du schaffst das!<br \/>\nHaspelige und ganz doll liebe Gr\u00fcsse,<br \/>\nEure Tumana<\/p>\n<p>&nbsp;<\/p>\n","protected":false},"excerpt":{"rendered":"<p>Was ist eine Garnwinde? Wozu braucht man sie? Was tut sie? Wie funktioniert sie? Die Garnwinde wird oft f\u00e4lschlicherweise als Haspel bezeichnet. Auch von mir &#8211; bis mich ein Fachmann wirklich schr\u00e4g angeschaut hat ob dieser Bildungsl\u00fccke von mir *lach* &hellip; <a href=\"https:\/\/anleitungen.wollefaerben.com\/?page_id=19\">Weiterlesen <span class=\"meta-nav\">&rarr;<\/span><\/a><\/p>\n","protected":false},"author":2,"featured_media":0,"parent":20,"menu_order":0,"comment_status":"open","ping_status":"closed","template":"","meta":{"footnotes":""},"class_list":["post-19","page","type-page","status-publish","hentry"],"_links":{"self":[{"href":"https:\/\/anleitungen.wollefaerben.com\/index.php?rest_route=\/wp\/v2\/pages\/19","targetHints":{"allow":["GET"]}}],"collection":[{"href":"https:\/\/anleitungen.wollefaerben.com\/index.php?rest_route=\/wp\/v2\/pages"}],"about":[{"href":"https:\/\/anleitungen.wollefaerben.com\/index.php?rest_route=\/wp\/v2\/types\/page"}],"author":[{"embeddable":true,"href":"https:\/\/anleitungen.wollefaerben.com\/index.php?rest_route=\/wp\/v2\/users\/2"}],"replies":[{"embeddable":true,"href":"https:\/\/anleitungen.wollefaerben.com\/index.php?rest_route=%2Fwp%2Fv2%2Fcomments&post=19"}],"version-history":[{"count":8,"href":"https:\/\/anleitungen.wollefaerben.com\/index.php?rest_route=\/wp\/v2\/pages\/19\/revisions"}],"predecessor-version":[{"id":28,"href":"https:\/\/anleitungen.wollefaerben.com\/index.php?rest_route=\/wp\/v2\/pages\/19\/revisions\/28"}],"up":[{"embeddable":true,"href":"https:\/\/anleitungen.wollefaerben.com\/index.php?rest_route=\/wp\/v2\/pages\/20"}],"wp:attachment":[{"href":"https:\/\/anleitungen.wollefaerben.com\/index.php?rest_route=%2Fwp%2Fv2%2Fmedia&parent=19"}],"curies":[{"name":"wp","href":"https:\/\/api.w.org\/{rel}","templated":true}]}}