{"id":16,"date":"2012-10-02T18:47:33","date_gmt":"2012-10-02T16:47:33","guid":{"rendered":"http:\/\/anleitungen.wollefaerben.com\/?page_id=16"},"modified":"2012-10-02T18:47:33","modified_gmt":"2012-10-02T16:47:33","slug":"wollstrang-abbinden","status":"publish","type":"page","link":"https:\/\/anleitungen.wollefaerben.com\/?page_id=16","title":{"rendered":"Wollstrang abbinden"},"content":{"rendered":"<p>Aus Fehlern lernen. Jaja. Bei mir hat&#8217;s ein paar mal <em>das selbe<\/em> Desaster gebraucht weil nur schnell und ich pass ja auf&#8230;.<br \/>\nMit ein klein wenig Mehraufwand das ganze Wollgekr\u00f6se verhindern das es gibt wenn der Strang verheddert beim f\u00e4rben &#8211; das geht tats\u00e4chlich! Und es ist ganz leich.<\/p>\n<p>Mein Wollhaufen!<br \/>\nSo sieht 1kg F\u00e4rbewolle auf einem Haufen aus &#8211; nicht bildlich gesprochen denn was nach Chaos aussieht hat System: wer Wolle verkauft versteht sein Handwerk und liefert die Str\u00e4nge stets so dass sie sich nicht verheddern.<br \/>\nAlso vooooorsichtig schauen, <em>dann erst<\/em> zupfen \ud83d\ude09 Damit verhindert man schon den ersten Frust (oh ich kenn das. Und wie ich das kenne!)<\/p>\n<p><img decoding=\"async\" src=\"https:\/\/anleitungen.wollefaerben.com\/wp-content\/uploads\/2012\/vorbereitungen\/basic_strang-binden\/001_wollhaufen.jpg\" alt=\"wie man einen Wollstrang abbindet\" \/><\/p>\n<p>Tadadadadadaaaa hab ich es nicht gesagt? Strang f\u00fcr Strang kann man aus einem noch so grossen Haufen entnehmen wenn man sich das System angeschaut hat. Also immer sch\u00f6n gem\u00fctlich \ud83d\ude00<\/p>\n<p><img decoding=\"async\" src=\"https:\/\/anleitungen.wollefaerben.com\/wp-content\/uploads\/2012\/vorbereitungen\/basic_strang-binden\/002_wollstrang.jpg\" alt=\"wie man einen Wollstrang abbindet\" \/><\/p>\n<p>Nat\u00fcrlich brauche ich nun Wolle oder Garn zum abbinden. Man kann von der F\u00e4rbewolle selbst nehmen was bedeutet einen Strang zu verletzen oder halt irgendwas anderes.<br \/>\nNun denn, man nehme&#8230;.<br \/>\n&#8230;einen Strang und lege ihn sch\u00f6n im Kreis vor sich hin. Dazu ein St\u00fcck Garn oder Schnur, bitte nichts was abf\u00e4rben k\u00f6nnte.<br \/>\nA propos abf\u00e4rben: sch\u00fctte niemals \u00e4therisches \u00d6l aufs B\u00fcgelbrett. F\u00e4rbt zwar nicht ab (da gewaschen) aber sieht wirklich unsch\u00f6n aus *lach*<\/p>\n<p><img decoding=\"async\" src=\"https:\/\/anleitungen.wollefaerben.com\/wp-content\/uploads\/2012\/vorbereitungen\/basic_strang-binden\/003_abbinden.jpg\" alt=\"wie man einen Wollstrang abbindet\" \/><\/p>\n<p>Ich binde den Strang zweiteilig ab, man kann das auch dreiteilig machen, mir reicht es so (bis jetzt).<br \/>\nIch teile die Wolle ein wenig:<\/p>\n<p><img decoding=\"async\" src=\"https:\/\/anleitungen.wollefaerben.com\/wp-content\/uploads\/2012\/vorbereitungen\/basic_strang-binden\/004_wolle.jpg\" alt=\"wie man einen Wollstrang abbindet\" \/><\/p>\n<p>F\u00fchre den Faden einmal oben und einmal unten durch:<\/p>\n<p><img decoding=\"async\" src=\"https:\/\/anleitungen.wollefaerben.com\/wp-content\/uploads\/2012\/vorbereitungen\/basic_strang-binden\/005_handarbeiten.jpg\" alt=\"wie man einen Wollstrang abbindet\" \/><\/p>\n<p>Und schlinge ihn zur Acht. Wenn es etwas kompliziert aussieht schau Dir einfach ganz gem\u00fctlich an wie der Faden l\u00e4uft, pl\u00f6tzlich macht&#8217;s *klick* &#8211; ging mir nicht anders &#8211; ich brauche \u00f6fter etwas l\u00e4nger *lach*<\/p>\n<p><img decoding=\"async\" src=\"https:\/\/anleitungen.wollefaerben.com\/wp-content\/uploads\/2012\/vorbereitungen\/basic_strang-binden\/006_stricken.jpg\" alt=\"wie man einen Wollstrang abbindet\" \/><\/p>\n<p>Und nun ganz locker verknoten. Macht man es zu fest schn\u00fcrt es die Wolle ab und dass dadurch dort keine Farbe hinkommt ist m\u00f6glich. Kann man auch bewusst nutzen wenn man das m\u00f6chte \ud83d\ude00<\/p>\n<p><img decoding=\"async\" src=\"https:\/\/anleitungen.wollefaerben.com\/wp-content\/uploads\/2012\/vorbereitungen\/basic_strang-binden\/007_faerbestrang.jpg\" alt=\"wie man einen Wollstrang abbindet\" \/><\/p>\n<p>A propos m\u00f6chte:<br \/>\nIch kenne jemandem dem&#8217;s egal ist dass ich diese Wolle jetzt bitte haben m\u00f6chte&#8230; hihi.<\/p>\n<p><img decoding=\"async\" src=\"https:\/\/anleitungen.wollefaerben.com\/wp-content\/uploads\/2012\/vorbereitungen\/basic_strang-binden\/bellababou_russisch-blau.jpg\" alt=\"wie man einen Wollstrang abbindet\" \/><\/p>\n<p>Ich binde jeden Strang mindestens drei mal ab, meistens aber sogar f\u00fcnf mal.<br \/>\nIch mag das Gehedder und G&#8217;nuusch \u00fcberhaupt gar nicht, es frustriert mich sehr wenn ich Wolle entwirren muss und vorallem frisst es mir meine Zeit weg &#8211; v\u00f6llig unn\u00fctz dazu. Also bin ich brav und binde jeden Strang ab, auch wenn ich nur schnell&#8230; und ich pass auf&#8230;. ich tu es auch dann.<br \/>\nSpart und schont viele Nerven <img loading=\"lazy\" decoding=\"async\" src=\"http:\/\/handarbeit.schnugis.net\/wolle_garn\/icon_wink.gif\" alt=\"\" width=\"15\" height=\"15\" \/><br \/>\nViel Spass bei den Vorbereitungen zum f\u00e4rben, dem hantieren mit Wolle an sich, es ist ein wirklich tolles Material.<br \/>\nLiebe Gr\u00fcsse,<br \/>\nEure Tumana<\/p>\n","protected":false},"excerpt":{"rendered":"<p>Aus Fehlern lernen. Jaja. Bei mir hat&#8217;s ein paar mal das selbe Desaster gebraucht weil nur schnell und ich pass ja auf&#8230;. Mit ein klein wenig Mehraufwand das ganze Wollgekr\u00f6se verhindern das es gibt wenn der Strang verheddert beim f\u00e4rben &hellip; <a href=\"https:\/\/anleitungen.wollefaerben.com\/?page_id=16\">Weiterlesen <span class=\"meta-nav\">&rarr;<\/span><\/a><\/p>\n","protected":false},"author":2,"featured_media":0,"parent":10,"menu_order":0,"comment_status":"open","ping_status":"closed","template":"","meta":{"footnotes":""},"class_list":["post-16","page","type-page","status-publish","hentry"],"_links":{"self":[{"href":"https:\/\/anleitungen.wollefaerben.com\/index.php?rest_route=\/wp\/v2\/pages\/16","targetHints":{"allow":["GET"]}}],"collection":[{"href":"https:\/\/anleitungen.wollefaerben.com\/index.php?rest_route=\/wp\/v2\/pages"}],"about":[{"href":"https:\/\/anleitungen.wollefaerben.com\/index.php?rest_route=\/wp\/v2\/types\/page"}],"author":[{"embeddable":true,"href":"https:\/\/anleitungen.wollefaerben.com\/index.php?rest_route=\/wp\/v2\/users\/2"}],"replies":[{"embeddable":true,"href":"https:\/\/anleitungen.wollefaerben.com\/index.php?rest_route=%2Fwp%2Fv2%2Fcomments&post=16"}],"version-history":[{"count":1,"href":"https:\/\/anleitungen.wollefaerben.com\/index.php?rest_route=\/wp\/v2\/pages\/16\/revisions"}],"predecessor-version":[{"id":17,"href":"https:\/\/anleitungen.wollefaerben.com\/index.php?rest_route=\/wp\/v2\/pages\/16\/revisions\/17"}],"up":[{"embeddable":true,"href":"https:\/\/anleitungen.wollefaerben.com\/index.php?rest_route=\/wp\/v2\/pages\/10"}],"wp:attachment":[{"href":"https:\/\/anleitungen.wollefaerben.com\/index.php?rest_route=%2Fwp%2Fv2%2Fmedia&parent=16"}],"curies":[{"name":"wp","href":"https:\/\/api.w.org\/{rel}","templated":true}]}}